{"id":20,"date":"2022-05-04T03:11:14","date_gmt":"2022-05-04T01:11:14","guid":{"rendered":"https:\/\/midnightspecial.info\/mewisbasar_wp\/wordpress\/?page_id=20"},"modified":"2026-04-03T01:35:38","modified_gmt":"2026-04-02T23:35:38","slug":"mewisbasar","status":"publish","type":"page","link":"https:\/\/midnightspecial.info\/mewisbasar_wp\/wordpress\/","title":{"rendered":"Homepage"},"content":{"rendered":"<div id=\"pl-20\"  class=\"panel-layout\" ><div id=\"pg-20-0\"  class=\"panel-grid panel-has-style\" ><div class=\"panel-row-style panel-row-style-for-20-0\" ><div id=\"pgc-20-0-0\"  class=\"panel-grid-cell\" ><div id=\"panel-20-0-0-0\" class=\"so-panel widget widget_sow-editor panel-first-child panel-last-child\" data-index=\"0\" ><div class=\"panel-widget-style panel-widget-style-for-20-0-0-0\" ><div\n\t\t\t\n\t\t\tclass=\"so-widget-sow-editor so-widget-sow-editor-base\"\n\t\t\t\n\t\t>\n<div class=\"siteorigin-widget-tinymce textwidget\">\n\t<h3>Ritas Philosophie: \u00a0 <span class=\"text10\">ALLES wird wahr und gut und sch\u00f6n!! Positiv denken und IMMER nach VORNE schauen!!<\/span><\/h3>\n<h4>Unser kunterbuntalternatives Programm wird Euch nach wie vor begeistern und wir freuen uns auf und \u00fcber jeden einzelnen Gast, Besucher, Freund und Kunden! Pers\u00f6nliche Wohnzimmeratmosph\u00e4re garantiert!<\/h4>\n<p>Ausgefallene, bunte, alternative Bekleidung aus Indien, Nepal, Peru, Australien und anderen fernen L\u00e4ndern; R\u00e4ucherst\u00e4bchen in einer ganz gro\u00dfartigen Auswahl; Edelstahl-, Silber- und Steineschmuck; duftende R\u00e4ucherungen und Zubeh\u00f6r, \"Directions\"-Haarfarben, T\u00fccher und Tagesdecken; die guten \"alten\" Parf\u00fcm\u00f6le - z.B. Patchouly, Moschus, Sandelholz...; Hennafarben f\u00fcr die Haare; ein sehr breites Sortiment an wundersch\u00f6nen Mineralien und Fossilien; Yogazubeh\u00f6r, Salzlampen, Rucks\u00e4cke, Beutel, Taschen; die bequemen und beliebten Samtsch\u00fchchen und viele kleine Geschenkartikel auf immerhin 140 qm Wohlf\u00fchlfl\u00e4che!<\/p>\n<\/div>\n<\/div><\/div><\/div><\/div><\/div><\/div><div id=\"pg-20-1\"  class=\"panel-grid panel-has-style\" ><div class=\"panel-row-style panel-row-style-for-20-1\" ><div id=\"pgc-20-1-0\"  class=\"panel-grid-cell\" ><div id=\"panel-20-1-0-0\" class=\"so-panel widget widget_sow-editor panel-first-child panel-last-child\" data-index=\"1\" ><div class=\"panel-widget-style panel-widget-style-for-20-1-0-0\" ><div\n\t\t\t\n\t\t\tclass=\"so-widget-sow-editor so-widget-sow-editor-base\"\n\t\t\t\n\t\t>\n<div class=\"siteorigin-widget-tinymce textwidget\">\n\t<p><strong>Schreibt uns eine Mail:<\/strong><br \/>\n<a href=\"mailto:mewisbasar@gmx.net\">mewisbasar@gmx.net<\/a><\/p>\n<p><strong>oder schaut bei <a href=\"https:\/\/www.facebook.com\/MewisBasar\/\" target=\"_blank\" rel=\"noopener\">FACEBOOK<\/a> vorbei!<\/strong><br \/>\nMehr als 2.700 Facebook-Follower!<br \/>\n<a href=\"https:\/\/www.facebook.com\/MewisBasar\/\" target=\"_blank\" rel=\"noopener\">&gt;&gt;&gt; weitere Infos<\/a><\/p>\n<\/div>\n<\/div><\/div><\/div><\/div><div id=\"pgc-20-1-1\"  class=\"panel-grid-cell\" ><div id=\"panel-20-1-1-0\" class=\"so-panel widget widget_sow-editor panel-first-child panel-last-child\" data-index=\"2\" ><div class=\"panel-widget-style panel-widget-style-for-20-1-1-0\" ><div\n\t\t\t\n\t\t\tclass=\"so-widget-sow-editor so-widget-sow-editor-base\"\n\t\t\t\n\t\t>\n<div class=\"siteorigin-widget-tinymce textwidget\">\n\t<p><strong>Mewis Basar<\/strong><br \/>\nGoldbergstra\u00dfe 2<br \/>\n(Fu\u00dfg\u00e4ngerzone)!<br \/>\n58095 Hagen<br \/>\nTel.: 02331-16 099<br \/>\n<strong><br \/>\n\u00d6ffnungszeiten:<br \/>\n<\/strong>Mo - Sa<br \/>\n11.00 bis 18.00 Uhr<\/p>\n<\/div>\n<\/div><\/div><\/div><\/div><div id=\"pgc-20-1-2\"  class=\"panel-grid-cell\" ><div id=\"panel-20-1-2-0\" class=\"so-panel widget widget_sow-image panel-first-child panel-last-child\" data-index=\"3\" ><div class=\"panel-widget-style panel-widget-style-for-20-1-2-0\" ><div\n\t\t\t\n\t\t\tclass=\"so-widget-sow-image so-widget-sow-image-default-c67d20f9f743-20\"\n\t\t\t\n\t\t>\n<div class=\"sow-image-container\">\n\t\t<img \n\tsrc=\"https:\/\/midnightspecial.info\/mewisbasar_wp\/wordpress\/wp-content\/uploads\/2022\/05\/mewisbasar01original-2b.jpg\" width=\"1824\" height=\"808\" srcset=\"https:\/\/midnightspecial.info\/mewisbasar_wp\/wordpress\/wp-content\/uploads\/2022\/05\/mewisbasar01original-2b.jpg 1824w, https:\/\/midnightspecial.info\/mewisbasar_wp\/wordpress\/wp-content\/uploads\/2022\/05\/mewisbasar01original-2b-300x133.jpg 300w, https:\/\/midnightspecial.info\/mewisbasar_wp\/wordpress\/wp-content\/uploads\/2022\/05\/mewisbasar01original-2b-1024x454.jpg 1024w, https:\/\/midnightspecial.info\/mewisbasar_wp\/wordpress\/wp-content\/uploads\/2022\/05\/mewisbasar01original-2b-768x340.jpg 768w, https:\/\/midnightspecial.info\/mewisbasar_wp\/wordpress\/wp-content\/uploads\/2022\/05\/mewisbasar01original-2b-1536x680.jpg 1536w\" sizes=\"(max-width: 1824px) 100vw, 1824px\" title=\"Mewis Basar\" alt=\"Mewis Basar\" \t\tclass=\"so-widget-image\"\/>\n\t<\/div>\n\n<\/div><\/div><\/div><\/div><\/div><\/div><div id=\"pg-20-2\"  class=\"panel-grid panel-has-style\" ><div class=\"panel-row-style panel-row-style-for-20-2\" ><div id=\"pgc-20-2-0\"  class=\"panel-grid-cell\" ><div id=\"panel-20-2-0-0\" class=\"so-panel widget widget_sow-editor panel-first-child panel-last-child\" data-index=\"4\" ><div class=\"panel-widget-style panel-widget-style-for-20-2-0-0\" ><div\n\t\t\t\n\t\t\tclass=\"so-widget-sow-editor so-widget-sow-editor-base\"\n\t\t\t\n\t\t>\n<div class=\"siteorigin-widget-tinymce textwidget\">\n\t<p><strong>Also, nutzt doch einfach die n\u00e4chsten Tage bei Eurem Einkaufsbummel und macht einen gem\u00fctlichen, stressfreien Abstecher in unsere kleine Goldbergstra\u00dfe! Dort freuen sich \u00fcbrigens auch noch andere liebe H\u00e4ndlerkollegen \u00fcber einen Besuch.<\/strong><\/p>\n<p style=\"text-align: left;\">Wir akzeptieren fast alle g\u00e4ngigen Bank- und Kreditkarten schon ab 1 Euro Einkaufswert!<\/p>\n<p style=\"text-align: center;\">~ ~ ~ ~ ~ ~ ~ ~ ~ ~<\/p>\n<p>Seit dem 2. Januar 2023 sind wir in neuer Besetzung f\u00fcr Euch am Start. \"Meine\" M\u00e4dels und Jungs werden alles daf\u00fcr geben, Euch den Besuch so angenehm wie m\u00f6glich zu gestalten und selbstverst\u00e4ndlich mit Rat und Tat zur Seite stehen!<\/p>\n<p>Keiner von uns kann Frank oder Christian ersetzen - aber wir werden uns nat\u00fcrlich trotzdem zuverl\u00e4ssig um alles und alle k\u00fcmmern.<\/p>\n<p>Kommt einfach vorbei und lasst uns die kommenden Monate und Jahre gemeinsam erfolgreich weiter gestalten. Ich m\u00f6chte jedenfalls noch sehr lange in zufriedene Gesichter schauen d\u00fcrfen und vielen Lebensgeschichten lauschen!<br \/>\nVielen Dank f\u00fcr Eure Aufmerksamkeit!<br \/>\n\"Eure\" Rita<\/p>\n<p style=\"text-align: center;\">~ ~ ~ ~ ~ ~ ~ ~ ~ ~<\/p>\n<\/div>\n<\/div><\/div><\/div><\/div><\/div><\/div><div id=\"pg-20-3\"  class=\"panel-grid panel-has-style\" ><div class=\"panel-row-style panel-row-style-for-20-3\" ><div id=\"pgc-20-3-0\"  class=\"panel-grid-cell\" ><div id=\"panel-20-3-0-0\" class=\"so-panel widget widget_sow-editor panel-first-child\" data-index=\"5\" ><div class=\"panel-widget-style panel-widget-style-for-20-3-0-0\" ><div\n\t\t\t\n\t\t\tclass=\"so-widget-sow-editor so-widget-sow-editor-base\"\n\t\t\t\n\t\t>\n<div class=\"siteorigin-widget-tinymce textwidget\">\n\t<h4 style=\"text-align: center;\" align=\"center\"><span class=\"text12\">Bei uns werden seit \u00fcber 40 Jahren t\u00e4glich verschiedene R\u00e4ucherst\u00e4bchen angez\u00fcndet...<br \/>\nund Hunde gab es hier im Laden schon immer - gewisse Dinge werden wir nicht \u00e4ndern...<\/span><\/h4>\n<\/div>\n<\/div><\/div><\/div><div id=\"panel-20-3-0-1\" class=\"so-panel widget widget_sow-editor panel-last-child\" data-index=\"6\" ><div class=\"panel-widget-style panel-widget-style-for-20-3-0-1\" ><div\n\t\t\t\n\t\t\tclass=\"so-widget-sow-editor so-widget-sow-editor-base\"\n\t\t\t\n\t\t>\n<div class=\"siteorigin-widget-tinymce textwidget\">\n\t<p style=\"text-align: center;\" align=\"center\">~ ~ ~<\/p>\n<\/div>\n<\/div><\/div><\/div><\/div><\/div><\/div><div id=\"pg-20-4\"  class=\"panel-grid panel-has-style\" ><div class=\"panel-row-style panel-row-style-for-20-4\" ><div id=\"pgc-20-4-0\"  class=\"panel-grid-cell panel-grid-cell-empty\" ><\/div><div id=\"pgc-20-4-1\"  class=\"panel-grid-cell\" ><div id=\"panel-20-4-1-0\" class=\"so-panel widget widget_sow-image panel-first-child panel-last-child\" data-index=\"7\" ><div class=\"panel-widget-style panel-widget-style-for-20-4-1-0\" ><div\n\t\t\t\n\t\t\tclass=\"so-widget-sow-image so-widget-sow-image-default-c67d20f9f743-20\"\n\t\t\t\n\t\t>\n<div class=\"sow-image-container\">\n\t\t<img \n\tsrc=\"https:\/\/midnightspecial.info\/mewisbasar_wp\/wordpress\/wp-content\/uploads\/2025\/12\/Teddys-Aidshilfe.jpg\" width=\"1440\" height=\"1080\" srcset=\"https:\/\/midnightspecial.info\/mewisbasar_wp\/wordpress\/wp-content\/uploads\/2025\/12\/Teddys-Aidshilfe.jpg 1440w, https:\/\/midnightspecial.info\/mewisbasar_wp\/wordpress\/wp-content\/uploads\/2025\/12\/Teddys-Aidshilfe-300x225.jpg 300w, https:\/\/midnightspecial.info\/mewisbasar_wp\/wordpress\/wp-content\/uploads\/2025\/12\/Teddys-Aidshilfe-1024x768.jpg 1024w, https:\/\/midnightspecial.info\/mewisbasar_wp\/wordpress\/wp-content\/uploads\/2025\/12\/Teddys-Aidshilfe-768x576.jpg 768w\" sizes=\"(max-width: 1440px) 100vw, 1440px\" title=\"Teddys Aidshilfe\" alt=\"\" \t\tclass=\"so-widget-image\"\/>\n\t<\/div>\n\n<\/div><\/div><\/div><\/div><div id=\"pgc-20-4-2\"  class=\"panel-grid-cell panel-grid-cell-mobile-last\" ><div id=\"panel-20-4-2-0\" class=\"so-panel widget widget_sow-editor panel-first-child panel-last-child\" data-index=\"8\" ><div class=\"panel-widget-style panel-widget-style-for-20-4-2-0\" ><div\n\t\t\t\n\t\t\tclass=\"so-widget-sow-editor so-widget-sow-editor-base\"\n\t\t\t\n\t\t>\n<div class=\"siteorigin-widget-tinymce textwidget\">\n\t<p style=\"text-align: center;\" align=\"center\"><em>Message vom 16.12.2025:<\/em><\/p>\n<p style=\"text-align: center;\" align=\"center\">Endlich wieder da!<br \/>\n<strong>Die kunterbunten Teddyb\u00e4ren<br \/>\nvon der Aids-Hilfe Hagen.<\/strong><\/p>\n<p style=\"text-align: center;\" align=\"center\">Gegen eine Spende von nur 7 Euro bei uns erh\u00e4ltlich! \ud83d\udc3b<\/p>\n<\/div>\n<\/div><\/div><\/div><\/div><div id=\"pgc-20-4-3\"  class=\"panel-grid-cell panel-grid-cell-empty\" ><\/div><\/div><\/div><div id=\"pg-20-5\"  class=\"panel-grid panel-has-style\" ><div class=\"panel-row-style panel-row-style-for-20-5\" ><div id=\"pgc-20-5-0\"  class=\"panel-grid-cell\" ><div id=\"panel-20-5-0-0\" class=\"so-panel widget widget_sow-editor panel-first-child panel-last-child\" data-index=\"9\" ><div class=\"panel-widget-style panel-widget-style-for-20-5-0-0\" ><div\n\t\t\t\n\t\t\tclass=\"so-widget-sow-editor so-widget-sow-editor-base\"\n\t\t\t\n\t\t>\n<div class=\"siteorigin-widget-tinymce textwidget\">\n\t<p style=\"text-align: center;\" align=\"center\">~ ~ ~<\/p>\n<\/div>\n<\/div><\/div><\/div><\/div><\/div><\/div><div id=\"pg-20-6\"  class=\"panel-grid panel-has-style\" ><div class=\"panel-row-style panel-row-style-for-20-6\" ><div id=\"pgc-20-6-0\"  class=\"panel-grid-cell\" ><div id=\"panel-20-6-0-0\" class=\"so-panel widget widget_sow-image panel-first-child panel-last-child\" data-index=\"10\" ><div class=\"panel-widget-style panel-widget-style-for-20-6-0-0\" ><div\n\t\t\t\n\t\t\tclass=\"so-widget-sow-image so-widget-sow-image-default-c67d20f9f743-20\"\n\t\t\t\n\t\t>\n<div class=\"sow-image-container\">\n\t\t<img \n\tsrc=\"https:\/\/midnightspecial.info\/mewisbasar_wp\/wordpress\/wp-content\/uploads\/2022\/05\/hunde002k.jpg\" width=\"400\" height=\"267\" srcset=\"https:\/\/midnightspecial.info\/mewisbasar_wp\/wordpress\/wp-content\/uploads\/2022\/05\/hunde002k.jpg 400w, https:\/\/midnightspecial.info\/mewisbasar_wp\/wordpress\/wp-content\/uploads\/2022\/05\/hunde002k-300x200.jpg 300w, https:\/\/midnightspecial.info\/mewisbasar_wp\/wordpress\/wp-content\/uploads\/2022\/05\/hunde002k-272x182.jpg 272w\" sizes=\"(max-width: 400px) 100vw, 400px\" title=\"Sparky\" alt=\"Sparky\" \t\tclass=\"so-widget-image\"\/>\n\t<\/div>\n\n<\/div><\/div><\/div><\/div><div id=\"pgc-20-6-1\"  class=\"panel-grid-cell\" ><div id=\"panel-20-6-1-0\" class=\"so-panel widget widget_sow-image panel-first-child panel-last-child\" data-index=\"11\" ><div class=\"panel-widget-style panel-widget-style-for-20-6-1-0\" ><div\n\t\t\t\n\t\t\tclass=\"so-widget-sow-image so-widget-sow-image-default-c67d20f9f743-20\"\n\t\t\t\n\t\t>\n<div class=\"sow-image-container\">\n\t\t<img \n\tsrc=\"https:\/\/midnightspecial.info\/mewisbasar_wp\/wordpress\/wp-content\/uploads\/2022\/05\/hunde001k.jpg\" width=\"400\" height=\"267\" srcset=\"https:\/\/midnightspecial.info\/mewisbasar_wp\/wordpress\/wp-content\/uploads\/2022\/05\/hunde001k.jpg 400w, https:\/\/midnightspecial.info\/mewisbasar_wp\/wordpress\/wp-content\/uploads\/2022\/05\/hunde001k-300x200.jpg 300w, https:\/\/midnightspecial.info\/mewisbasar_wp\/wordpress\/wp-content\/uploads\/2022\/05\/hunde001k-272x182.jpg 272w\" sizes=\"(max-width: 400px) 100vw, 400px\" title=\"Emma Carlotta\" alt=\"Emma Carlotta\" \t\tclass=\"so-widget-image\"\/>\n\t<\/div>\n\n<\/div><\/div><\/div><\/div><\/div><\/div><div id=\"pg-20-7\"  class=\"panel-grid panel-has-style\" ><div class=\"panel-row-style panel-row-style-for-20-7\" ><div id=\"pgc-20-7-0\"  class=\"panel-grid-cell\" ><div id=\"panel-20-7-0-0\" class=\"so-panel widget widget_sow-image panel-first-child panel-last-child\" data-index=\"12\" ><div class=\"panel-widget-style panel-widget-style-for-20-7-0-0\" ><div\n\t\t\t\n\t\t\tclass=\"so-widget-sow-image so-widget-sow-image-default-c67d20f9f743-20\"\n\t\t\t\n\t\t>\n<div class=\"sow-image-container\">\n\t\t<img \n\tsrc=\"https:\/\/midnightspecial.info\/mewisbasar_wp\/wordpress\/wp-content\/uploads\/2024\/05\/rita_joshi01.jpg\" width=\"311\" height=\"273\" srcset=\"https:\/\/midnightspecial.info\/mewisbasar_wp\/wordpress\/wp-content\/uploads\/2024\/05\/rita_joshi01.jpg 311w, https:\/\/midnightspecial.info\/mewisbasar_wp\/wordpress\/wp-content\/uploads\/2024\/05\/rita_joshi01-300x263.jpg 300w\" sizes=\"(max-width: 311px) 100vw, 311px\" title=\"Rita &amp; Joshi\" alt=\"Rita &amp; Joshi\" \t\tclass=\"so-widget-image\"\/>\n\t<\/div>\n\n<\/div><\/div><\/div><\/div><\/div><\/div><div id=\"pg-20-8\"  class=\"panel-grid panel-has-style\" ><div class=\"panel-row-style panel-row-style-for-20-8\" ><div id=\"pgc-20-8-0\"  class=\"panel-grid-cell\" ><div id=\"panel-20-8-0-0\" class=\"so-panel widget widget_sow-editor panel-first-child panel-last-child\" data-index=\"13\" ><div class=\"panel-widget-style panel-widget-style-for-20-8-0-0\" ><div\n\t\t\t\n\t\t\tclass=\"so-widget-sow-editor so-widget-sow-editor-base\"\n\t\t\t\n\t\t>\n<div class=\"siteorigin-widget-tinymce textwidget\">\n\t<p style=\"text-align: center;\">\u00a0~ ~ ~<\/p>\n<\/div>\n<\/div><\/div><\/div><\/div><\/div><\/div><div id=\"pg-20-9\"  class=\"panel-grid panel-has-style\" ><div class=\"panel-row-style panel-row-style-for-20-9\" ><div id=\"pgc-20-9-0\"  class=\"panel-grid-cell\" ><div id=\"panel-20-9-0-0\" class=\"so-panel widget widget_sow-image panel-first-child panel-last-child\" data-index=\"14\" ><div class=\"panel-widget-style panel-widget-style-for-20-9-0-0\" ><div\n\t\t\t\n\t\t\tclass=\"so-widget-sow-image so-widget-sow-image-default-c67d20f9f743-20\"\n\t\t\t\n\t\t>\n<div class=\"sow-image-container\">\n\t\t<img \n\tsrc=\"https:\/\/midnightspecial.info\/mewisbasar_wp\/wordpress\/wp-content\/uploads\/2024\/05\/emmacarlotta2024rip02-1.jpg\" width=\"605\" height=\"605\" srcset=\"https:\/\/midnightspecial.info\/mewisbasar_wp\/wordpress\/wp-content\/uploads\/2024\/05\/emmacarlotta2024rip02-1.jpg 605w, https:\/\/midnightspecial.info\/mewisbasar_wp\/wordpress\/wp-content\/uploads\/2024\/05\/emmacarlotta2024rip02-1-300x300.jpg 300w, https:\/\/midnightspecial.info\/mewisbasar_wp\/wordpress\/wp-content\/uploads\/2024\/05\/emmacarlotta2024rip02-1-150x150.jpg 150w, https:\/\/midnightspecial.info\/mewisbasar_wp\/wordpress\/wp-content\/uploads\/2024\/05\/emmacarlotta2024rip02-1-600x600.jpg 600w\" sizes=\"(max-width: 605px) 100vw, 605px\" title=\"emmacarlotta2024rip02\" alt=\"\" \t\tclass=\"so-widget-image\"\/>\n\t<\/div>\n\n<\/div><\/div><\/div><\/div><div id=\"pgc-20-9-1\"  class=\"panel-grid-cell\" ><div id=\"panel-20-9-1-0\" class=\"so-panel widget widget_sow-editor panel-first-child panel-last-child\" data-index=\"15\" ><div class=\"panel-widget-style panel-widget-style-for-20-9-1-0\" ><div\n\t\t\t\n\t\t\tclass=\"so-widget-sow-editor so-widget-sow-editor-base\"\n\t\t\t\n\t\t>\n<div class=\"siteorigin-widget-tinymce textwidget\">\n\t<p><em>Message vom 15.05.2024:<\/em><\/p>\n<p>Unser geliebtes Hundem\u00e4dchen Emma Carlotta ist leider am 14. Mai 2024 \u00fcber die Regenbogenbr\u00fccke gereist. Wir werden sie f\u00fcr immer im Herzen behalten!<br \/>\nDanke f\u00fcr die wunderbaren 11 Jahre mit Dir, mein kleines Hundekind.<\/p>\n<\/div>\n<\/div><\/div><\/div><\/div><div id=\"pgc-20-9-2\"  class=\"panel-grid-cell\" ><div id=\"panel-20-9-2-0\" class=\"so-panel widget widget_sow-image panel-first-child panel-last-child\" data-index=\"16\" ><div class=\"panel-widget-style panel-widget-style-for-20-9-2-0\" ><div\n\t\t\t\n\t\t\tclass=\"so-widget-sow-image so-widget-sow-image-default-c67d20f9f743-20\"\n\t\t\t\n\t\t>\n<div class=\"sow-image-container\">\n\t\t<img \n\tsrc=\"https:\/\/midnightspecial.info\/mewisbasar_wp\/wordpress\/wp-content\/uploads\/2024\/05\/emmacarlotta2024rip.jpg\" width=\"2048\" height=\"2048\" srcset=\"https:\/\/midnightspecial.info\/mewisbasar_wp\/wordpress\/wp-content\/uploads\/2024\/05\/emmacarlotta2024rip.jpg 2048w, https:\/\/midnightspecial.info\/mewisbasar_wp\/wordpress\/wp-content\/uploads\/2024\/05\/emmacarlotta2024rip-300x300.jpg 300w, https:\/\/midnightspecial.info\/mewisbasar_wp\/wordpress\/wp-content\/uploads\/2024\/05\/emmacarlotta2024rip-1024x1024.jpg 1024w, https:\/\/midnightspecial.info\/mewisbasar_wp\/wordpress\/wp-content\/uploads\/2024\/05\/emmacarlotta2024rip-150x150.jpg 150w, https:\/\/midnightspecial.info\/mewisbasar_wp\/wordpress\/wp-content\/uploads\/2024\/05\/emmacarlotta2024rip-768x768.jpg 768w, https:\/\/midnightspecial.info\/mewisbasar_wp\/wordpress\/wp-content\/uploads\/2024\/05\/emmacarlotta2024rip-1536x1536.jpg 1536w, https:\/\/midnightspecial.info\/mewisbasar_wp\/wordpress\/wp-content\/uploads\/2024\/05\/emmacarlotta2024rip-600x600.jpg 600w\" sizes=\"(max-width: 2048px) 100vw, 2048px\" alt=\"Emma Carlotta (R.i.P.)\" \t\tclass=\"so-widget-image\"\/>\n\t<\/div>\n\n<h3 class=\"widget-title\"><\/h3><\/div><\/div><\/div><\/div><\/div><\/div><div id=\"pg-20-10\"  class=\"panel-grid panel-has-style\" ><div class=\"panel-row-style panel-row-style-for-20-10\" ><div id=\"pgc-20-10-0\"  class=\"panel-grid-cell\" ><div id=\"panel-20-10-0-0\" class=\"so-panel widget widget_sow-editor panel-first-child panel-last-child\" data-index=\"17\" ><div class=\"panel-widget-style panel-widget-style-for-20-10-0-0\" ><div\n\t\t\t\n\t\t\tclass=\"so-widget-sow-editor so-widget-sow-editor-base\"\n\t\t\t\n\t\t>\n<div class=\"siteorigin-widget-tinymce textwidget\">\n\t<p style=\"text-align: center;\">\u00a0~ ~ ~<\/p>\n<\/div>\n<\/div><\/div><\/div><\/div><\/div><\/div><\/div>","protected":false},"excerpt":{"rendered":"<p>Ritas Philosophie: \u00a0 ALLES wird wahr und gut und sch\u00f6n!! Positiv denken und IMMER nach VORNE schauen!! Unser kunterbuntalternatives Programm wird Euch nach wie vor begeistern und wir freuen uns auf und \u00fcber jeden einzelnen Gast, Besucher, Freund und Kunden! Pers\u00f6nliche Wohnzimmeratmosph\u00e4re garantiert! Ausgefallene, bunte, alternative Bekleidung aus Indien, Nepal, Peru, Australien und anderen fernen [&hellip;]<\/p>\n","protected":false},"author":1,"featured_media":0,"parent":0,"menu_order":0,"comment_status":"closed","ping_status":"closed","template":"","meta":{"inline_featured_image":false,"ocean_post_layout":"","ocean_both_sidebars_style":"","ocean_both_sidebars_content_width":0,"ocean_both_sidebars_sidebars_width":0,"ocean_sidebar":"0","ocean_second_sidebar":"0","ocean_disable_margins":"on","ocean_add_body_class":"","ocean_shortcode_before_top_bar":"","ocean_shortcode_after_top_bar":"","ocean_shortcode_before_header":"","ocean_shortcode_after_header":"","ocean_has_shortcode":"","ocean_shortcode_after_title":"","ocean_shortcode_before_footer_widgets":"","ocean_shortcode_after_footer_widgets":"","ocean_shortcode_before_footer_bottom":"","ocean_shortcode_after_footer_bottom":"","ocean_display_top_bar":"default","ocean_display_header":"default","ocean_header_style":"","ocean_center_header_left_menu":"0","ocean_custom_header_template":"0","ocean_custom_logo":0,"ocean_custom_retina_logo":0,"ocean_custom_logo_max_width":0,"ocean_custom_logo_tablet_max_width":10,"ocean_custom_logo_mobile_max_width":0,"ocean_custom_logo_max_height":0,"ocean_custom_logo_tablet_max_height":0,"ocean_custom_logo_mobile_max_height":0,"ocean_header_custom_menu":"0","ocean_menu_typo_font_family":"0","ocean_menu_typo_font_subset":"","ocean_menu_typo_font_size":0,"ocean_menu_typo_font_size_tablet":0,"ocean_menu_typo_font_size_mobile":0,"ocean_menu_typo_font_size_unit":"px","ocean_menu_typo_font_weight":"","ocean_menu_typo_font_weight_tablet":"","ocean_menu_typo_font_weight_mobile":"","ocean_menu_typo_transform":"","ocean_menu_typo_transform_tablet":"","ocean_menu_typo_transform_mobile":"","ocean_menu_typo_line_height":0,"ocean_menu_typo_line_height_tablet":0,"ocean_menu_typo_line_height_mobile":0,"ocean_menu_typo_line_height_unit":"","ocean_menu_typo_spacing":0,"ocean_menu_typo_spacing_tablet":0,"ocean_menu_typo_spacing_mobile":0,"ocean_menu_typo_spacing_unit":"","ocean_menu_link_color":"","ocean_menu_link_color_hover":"","ocean_menu_link_color_active":"","ocean_menu_link_background":"","ocean_menu_link_hover_background":"","ocean_menu_link_active_background":"","ocean_menu_social_links_bg":"","ocean_menu_social_hover_links_bg":"","ocean_menu_social_links_color":"","ocean_menu_social_hover_links_color":"","ocean_disable_title":"default","ocean_disable_heading":"default","ocean_post_title":"","ocean_post_subheading":"","ocean_post_title_style":"","ocean_post_title_background_color":"","ocean_post_title_background":0,"ocean_post_title_bg_image_position":"","ocean_post_title_bg_image_attachment":"","ocean_post_title_bg_image_repeat":"","ocean_post_title_bg_image_size":"","ocean_post_title_height":0,"ocean_post_title_bg_overlay":0.5,"ocean_post_title_bg_overlay_color":"","ocean_disable_breadcrumbs":"default","ocean_breadcrumbs_color":"","ocean_breadcrumbs_separator_color":"","ocean_breadcrumbs_links_color":"","ocean_breadcrumbs_links_hover_color":"","ocean_display_footer_widgets":"default","ocean_display_footer_bottom":"default","ocean_custom_footer_template":"0","footnotes":""},"class_list":["post-20","page","type-page","status-publish","hentry","entry"],"_links":{"self":[{"href":"https:\/\/midnightspecial.info\/mewisbasar_wp\/wordpress\/wp-json\/wp\/v2\/pages\/20","targetHints":{"allow":["GET"]}}],"collection":[{"href":"https:\/\/midnightspecial.info\/mewisbasar_wp\/wordpress\/wp-json\/wp\/v2\/pages"}],"about":[{"href":"https:\/\/midnightspecial.info\/mewisbasar_wp\/wordpress\/wp-json\/wp\/v2\/types\/page"}],"author":[{"embeddable":true,"href":"https:\/\/midnightspecial.info\/mewisbasar_wp\/wordpress\/wp-json\/wp\/v2\/users\/1"}],"replies":[{"embeddable":true,"href":"https:\/\/midnightspecial.info\/mewisbasar_wp\/wordpress\/wp-json\/wp\/v2\/comments?post=20"}],"version-history":[{"count":448,"href":"https:\/\/midnightspecial.info\/mewisbasar_wp\/wordpress\/wp-json\/wp\/v2\/pages\/20\/revisions"}],"predecessor-version":[{"id":1924,"href":"https:\/\/midnightspecial.info\/mewisbasar_wp\/wordpress\/wp-json\/wp\/v2\/pages\/20\/revisions\/1924"}],"wp:attachment":[{"href":"https:\/\/midnightspecial.info\/mewisbasar_wp\/wordpress\/wp-json\/wp\/v2\/media?parent=20"}],"curies":[{"name":"wp","href":"https:\/\/api.w.org\/{rel}","templated":true}]}}